{"id":350,"date":"2026-04-02T19:25:24","date_gmt":"2026-04-02T17:25:24","guid":{"rendered":"https:\/\/l-e-w.pl\/privacy-policy\/"},"modified":"2026-04-09T16:11:56","modified_gmt":"2026-04-09T14:11:56","slug":"privacy-policy","status":"publish","type":"page","link":"https:\/\/l-e-w.pl\/en\/privacy-policy\/","title":{"rendered":"Privacy Policy"},"content":{"rendered":"\t\t<div data-elementor-type=\"wp-page\" data-elementor-id=\"350\" class=\"elementor elementor-350 elementor-202\" data-elementor-post-type=\"page\">\n\t\t\t\t<div class=\"elementor-element elementor-element-8596eeb e-flex e-con-boxed e-con e-parent\" data-id=\"8596eeb\" data-element_type=\"container\" data-e-type=\"container\">\n\t\t\t\t\t<div class=\"e-con-inner\">\n\t\t\t\t<div class=\"elementor-element elementor-element-7d81816 elementor-widget elementor-widget-html\" data-id=\"7d81816\" data-element_type=\"widget\" data-e-type=\"widget\" data-widget_type=\"html.default\">\n\t\t\t\t\t<link rel=\"preconnect\" href=\"https:\/\/fonts.googleapis.com\"><link rel=\"preconnect\" href=\"https:\/\/fonts.gstatic.com\" crossorigin><link href=\"https:\/\/fonts.googleapis.com\/css2?family=Poppins:wght@400;500;600;700&display=swap\" rel=\"stylesheet\"><style>.privacy-policy-section {\n    font-family: 'Poppins', sans-serif;\n    padding: 40px 20px;\n  }\n\n  .privacy-policy-wrap {\n    max-width: 1100px;\n    margin: 0 auto;\n  }\n\n  .privacy-policy-header {\n    text-align: center;\n    margin-bottom: 40px;\n  }\n\n  .privacy-policy-header h1 {\n    font-size: 40px;\n    line-height: 1.15;\n    font-weight: 700;\n    color: #0f172a;\n    margin: 0 0 12px;\n  }\n\n  .privacy-policy-header p {\n    font-size: 16px;\n    line-height: 1.7;\n    color: #475569;\n    max-width: 760px;\n    margin: 0 auto;\n  }\n\n  .privacy-policy-grid {\n    display: grid;\n    grid-template-columns: 1fr;\n    gap: 22px;\n  }\n\n  .privacy-card {\n    background: #ffffff;\n    border: 1px solid #e2e8f0;\n    border-radius: 20px;\n    padding: 28px;\n    box-shadow: 0 10px 30px rgba(15, 23, 42, 0.05);\n  }\n\n  .privacy-card h2 {\n    font-size: 24px;\n    line-height: 1.3;\n    font-weight: 600;\n    color: #004E89;\n    margin: 0 0 18px;\n  }\n\n  .privacy-card p {\n    font-size: 15px;\n    line-height: 1.8;\n    color: #334155;\n    margin: 0 0 14px;\n  }\n\n  .privacy-card p:last-child {\n    margin-bottom: 0;\n  }\n\n  .privacy-card ul {\n    margin: 0;\n    padding-left: 20px;\n  }\n\n  .privacy-card li {\n    font-size: 15px;\n    line-height: 1.8;\n    color: #334155;\n    margin-bottom: 10px;\n  }\n\n  .privacy-card li:last-child {\n    margin-bottom: 0;\n  }\n\n  .privacy-card strong {\n    font-weight: 600;\n    color: #0f172a;\n  }\n\n  .privacy-highlight {\n    background: linear-gradient(135deg, #004E89 0%, #0a6bb8 100%);\n    color: #ffffff;\n    border: none;\n  }\n\n  .privacy-highlight h2,\n  .privacy-highlight p,\n  .privacy-highlight li,\n  .privacy-highlight strong,\n  .privacy-highlight a {\n    color: #ffffff;\n  }\n\n  .privacy-contact {\n    display: inline-block;\n    margin-top: 8px;\n    font-weight: 600;\n    text-decoration: none;\n    color: #004E89;\n    word-break: break-word;\n  }\n\n  .privacy-highlight .privacy-contact {\n    color: #ffffff;\n    text-decoration: underline;\n  }\n\n  @media (max-width: 767px) {\n    .privacy-policy-section {\n      padding: 28px 14px;\n    }\n\n    .privacy-policy-header h1 {\n      font-size: 30px;\n    }\n\n    .privacy-card {\n      padding: 22px 18px;\n      border-radius: 16px;\n    }\n\n    .privacy-card h2 {\n      font-size: 21px;\n    }\n\n    .privacy-card p,\n    .privacy-card li {\n      font-size: 14px;\n    }\n  }\n<\/style><section class=\"privacy-policy-section\"><div class=\"privacy-policy-wrap\"><div class=\"privacy-policy-header\"><h1>Polityka prywatno\u015bci<\/h1><p>Szanuj\u0105c prawo do prywatno\u015bci os\u00f3b, deklarujemy, \u017ce pozyskane dane przetwarzamy zgodnie\n        z krajowymi i europejskimi przepisami prawa oraz w warunkach gwarantuj\u0105cych ich bezpiecze\u0144stwo.\n      <\/p><\/div><div class=\"privacy-policy-grid\"><div class=\"privacy-card privacy-highlight\"><h2>Informacje wst\u0119pne<\/h2><p>Szanuj\u0105c prawo do prywatno\u015bci os\u00f3b, pragniemy zadeklarowa\u0107, \u017ce pozyskane dane\n          przetwarzamy zgodnie z krajowymi i europejskimi przepisami prawa oraz w warunkach\n          gwarantuj\u0105cych ich bezpiecze\u0144stwo.\n        <\/p><\/div><div class=\"privacy-card\"><h2>Administrator danych<\/h2><p>Administratorem Pa\u0144stwa danych osobowych jest <strong>Edukacja 5.0 sp. z o.o.<\/strong>z siedzib\u0105 w Warszawie (02-626), Al. Niepodleg\u0142o\u015bci 69.\n        <\/p><\/div><div class=\"privacy-card\"><h2>Inspektor Ochrony Danych<\/h2><p>Administrator wyznaczy\u0142 inspektora ochrony danych, z kt\u00f3rym mo\u017cna kontaktowa\u0107 si\u0119\n          we wszystkich sprawach dotycz\u0105cych przetwarzania danych osobowych.\n        <\/p><p>Kontakt mailowy:\n          <a class=\"privacy-contact\" href=\"mailto:iodo@l-e-w.pl\">iodo@l-e-w.pl<\/a><\/p><p>Adres korespondencyjny:<br\/>Edukacja 5.0 sp. z o.o.<br\/>Al. Niepodleg\u0142o\u015bci 69<br\/>02-626 Warszawa\n        <\/p><\/div><div class=\"privacy-card\"><h2>Podstawy i cele przetwarzania<\/h2><p>Administrator realizuj\u0105c swoje statutowe cele przetwarza dane osobowe na podstawie\n          art. 6 ust. 1 lit. a, b, c i f rozporz\u0105dzenia Parlamentu Europejskiego i Rady (UE) 2016\/679\n          z dnia 27 kwietnia 2016 r. (\u201eRODO\u201d).\n        <\/p><p>Dane osobowe przetwarzane s\u0105 w celach:<\/p><ul><li>wype\u0142nienia obowi\u0105zk\u00f3w prawnych ci\u0105\u017c\u0105cych na administratorze, w zwi\u0105zku z prowadzeniem plac\u00f3wki edukacyjnej (art. 6 ust. 1 lit. c);<\/li><li>realizacji wykonania um\u00f3w o nauk\u0119, um\u00f3w z zakresu prawa pracy oraz um\u00f3w z kontrahentami i podwykonawcami (art. 6 ust. 1 lit. b);<\/li><li>wskazanych w odr\u0119bnej zgodzie (art. 6 ust. 1 lit. a);<\/li><li>ustalenia, dochodzenia i obrony roszcze\u0144, prowadzenia dzia\u0142a\u0144 marketingowych promuj\u0105cych dzia\u0142alno\u015b\u0107 plac\u00f3wki edukacyjnej oraz prowadzenia monitoringu na terenie plac\u00f3wki edukacyjnej dla podniesienia bezpiecze\u0144stwa os\u00f3b i ochrony mienia (art. 6 ust. 1 lit. f).<\/li><\/ul><\/div><div class=\"privacy-card\"><h2>Okresy przechowywania danych<\/h2><ul><li><strong>dane dotycz\u0105ce nauczania<\/strong> \u2013 do 50 lat, zgodnie z rzeczowym wykazem akt;<\/li><li><strong>dane dotycz\u0105ce prowadzonych rekrutacji do Liceum Edukacji Wieloj\u0119zycznej<\/strong> \u2013 do czasu zako\u0144czenia procesu rekrutacyjnego uczni\u00f3w;<\/li><li><strong>dane dotycz\u0105ce rekrutacji kandydat\u00f3w na pracownik\u00f3w<\/strong> \u2013 do czasu zako\u0144czenia procesu rekrutacji i wy\u0142onienia kandydata na pracownika, a w przypadku zgody na dalsze procesy rekrutacyjne \u2013 nie d\u0142u\u017cej ni\u017c rok;<\/li><li><strong>dane dotycz\u0105ce pracownik\u00f3w<\/strong> \u2013 zgodnie z obowi\u0105zuj\u0105cymi przepisami z zakresu prawa pracy;<\/li><li><strong>dane kontrahent\u00f3w i podwykonawc\u00f3w<\/strong> \u2013 przez czas okre\u015blony umow\u0105 i uzgodniony przez strony lub do czasu up\u0142ywu termin\u00f3w przedawnienia roszcze\u0144 wynikaj\u0105cych z zawartej umowy, zgodnie z obowi\u0105zuj\u0105cymi przepisami prawa;<\/li><li><strong>dane ksi\u0119gowe<\/strong> \u2013 przez czas do wyga\u015bni\u0119cia obowi\u0105zk\u00f3w wynikaj\u0105cych z przepis\u00f3w prawa odnosz\u0105cych si\u0119 do przechowywania dokument\u00f3w ksi\u0119gowych;<\/li><li><strong>dane wynikaj\u0105ce z odr\u0119bnych zg\u00f3d<\/strong> \u2013 do czasu wyga\u015bni\u0119cia okresu, na jaki zosta\u0142y udzielone, b\u0105d\u017a do czasu wycofania zgody;<\/li><li><strong>dane dotycz\u0105ce dzia\u0142a\u0144 marketingowych<\/strong> \u2013 do czasu wniesienia sprzeciwu;<\/li><li><strong>dane z monitoringu<\/strong> \u2013 przez okres nieprzekraczaj\u0105cy 3 miesi\u0119cy od dnia nagrania lub do czasu wniesienia uzasadnionego sprzeciwu, chyba \u017ce nagranie stanowi dow\u00f3d w post\u0119powaniu \u2013 w\u00f3wczas do czasu jego zako\u0144czenia.<\/li><\/ul><\/div><div class=\"privacy-card\"><h2>Odbiorcy danych<\/h2><p>Administrator mo\u017ce udost\u0119pni\u0107 dane osobowe upowa\u017cnionym pracownikom, podmiotom\n          przetwarzaj\u0105cym dane na zlecenie administratora oraz podmiotom upowa\u017cnionym do uzyskania\n          informacji na podstawie przepis\u00f3w prawa.\n        <\/p><p>Dane osobowe, co do zasady, nie b\u0119d\u0105 przekazywane poza Europejski Obszar Gospodarczy (\u201eEOG\u201d).\n          Maj\u0105c jednak na uwadze \u015bwiadczenie us\u0142ug przez podwykonawc\u00f3w przy realizacji us\u0142ug oraz\n          infrastruktury IT, administrator mo\u017ce zleci\u0107 wykonywanie okre\u015blonych czynno\u015bci uznanym\n          podwykonawcom dzia\u0142aj\u0105cym poza obszarem EOG.\n        <\/p><p>W takim przypadku dane b\u0119d\u0105 chronione za pomoc\u0105 standardowych klauzul ochrony danych,\n          kt\u00f3re zgodnie z art. 46 ust. 2 RODO stanowi\u0105 odpowiednie zabezpieczenia w przypadku\n          transferu danych.\n        <\/p><\/div><div class=\"privacy-card\"><h2>Prawa os\u00f3b, kt\u00f3rych dane dotycz\u0105<\/h2><p>Ka\u017cdej osobie, kt\u00f3rej dane s\u0105 przetwarzane, przys\u0142uguje prawo dost\u0119pu do tre\u015bci swoich danych,\n          ich sprostowania, usuni\u0119cia, ograniczenia przetwarzania, prawo do przenoszenia swoich danych\n          oraz prawo do cofni\u0119cia zgody w dowolnym momencie.\n        <\/p><p>Przys\u0142uguje r\u00f3wnie\u017c prawo wniesienia skargi do organu nadzorczego, tj. Prezesa Urz\u0119du\n          Ochrony Danych Osobowych, w sytuacji uznania, i\u017c przetwarzanie danych osobowych narusza\n          przepisy RODO.\n        <\/p><\/div><div class=\"privacy-card\"><h2>Informacja o wymogu \/ dobrowolno\u015bci podania danych<\/h2><p>Podanie danych jest dobrowolne, ale niezb\u0119dne w celu realizacji statutowych cel\u00f3w,\n          w tym m.in. prowadzenia plac\u00f3wki edukacyjnej Liceum Edukacji Wieloj\u0119zycznej.\n        <\/p><p>Oznacza to, \u017ce ka\u017cda osoba chc\u0105ca skorzysta\u0107 z us\u0142ug edukacyjnych b\u0105d\u017a chc\u0105ca zosta\u0107\n          kontrahentem, podwykonawc\u0105 lub pracownikiem, musi poda\u0107 nam swoje dane osobowe.\n        <\/p><\/div><div class=\"privacy-card\"><h2>Bezpiecze\u0144stwo danych<\/h2><p>W celu zapewnienia integralno\u015bci, poufno\u015bci i dost\u0119pno\u015bci danych osobowych administrator\n          wdro\u017cy\u0142 procedury umo\u017cliwiaj\u0105ce dost\u0119p do danych osobowych jedynie osobom upowa\u017cnionym\n          i wy\u0142\u0105cznie w zakresie, w jakim jest to niezb\u0119dne ze wzgl\u0119du na wykonywane przez nie zadania.\n        <\/p><\/div><div class=\"privacy-card\"><h2>Wykorzystywanie plik\u00f3w \u201ecookies\u201d (ciasteczka)<\/h2><p>Strona internetowa Liceum Edukacji Wieloj\u0119zycznej nie gromadzi automatycznie \u017cadnych danych,\n          z wyj\u0105tkiem danych zapisywanych w plikach cookies podczas korzystania z witryny.\n        <\/p><p>Pliki cookies to niewielkie pliki tworzone i przechowywane na urz\u0105dzeniach U\u017cytkownik\u00f3w\n          (np. na komputerze, smartfonie), pozwalaj\u0105ce prawid\u0142owo wy\u015bwietli\u0107 zawarto\u015b\u0107 ogl\u0105danej strony.\n        <\/p><p>Podstawowym celem plik\u00f3w cookies jest dostosowanie zawarto\u015bci strony internetowej do\n          preferencji U\u017cytkownika oraz dostosowanie szybko\u015bci korzystania ze strony. Cookies pozwalaj\u0105\n          r\u00f3wnie\u017c zbiera\u0107 anonimowe statystyki, kt\u00f3re informuj\u0105, w jaki spos\u00f3b U\u017cytkownicy korzystaj\u0105\n          ze strony internetowej, co pomaga ulepsza\u0107 zakres informacji oraz spos\u00f3b jej wy\u015bwietlania.\n        <\/p><p>Pliki cookies nie s\u0142u\u017c\u0105 do identyfikacji u\u017cytkownika i na ich podstawie nie jest ustalana\n          to\u017csamo\u015b\u0107 U\u017cytkownika.\n        <\/p><p>Korzystaj\u0105c ze strony internetowej Liceum Edukacji Wieloj\u0119zycznej, U\u017cytkownik mo\u017ce otrzyma\u0107\n          ciasteczka wsp\u00f3\u0142pracuj\u0105cych podmiot\u00f3w trzecich (np. Google, Facebook), realizuj\u0105cych kampanie\n          reklamowe. Dodatkowe informacje na temat tych ciasteczek mo\u017cna znale\u017a\u0107 na stronach tych podmiot\u00f3w.\n        <\/p><p>U\u017cytkownik mo\u017ce samodzielnie kontrolowa\u0107 spos\u00f3b obs\u0142ugi plik\u00f3w cookies za pomoc\u0105 mechanizm\u00f3w\n          wbudowanych w u\u017cywane oprogramowanie s\u0142u\u017c\u0105ce do przegl\u0105dania stron internetowych. W ka\u017cdej chwili\n          mo\u017ce wy\u0142\u0105czy\u0107 w swojej przegl\u0105darce internetowej opcj\u0119 zapisywania plik\u00f3w cookies.\n        <\/p><p>Korzystanie ze strony internetowej Liceum Edukacji Wieloj\u0119zycznej bez zmiany ustawie\u0144 dotycz\u0105cych\n          cookies oznacza, \u017ce pliki te b\u0119d\u0105 zapisane w pami\u0119ci urz\u0105dzenia.\n        <\/p><\/div><\/div><\/div><\/section>\t\t\t\t<\/div>\n\t\t\t\t\t<\/div>\n\t\t\t\t<\/div>\n\t\t\t\t<\/div>\n\t\t","protected":false},"excerpt":{"rendered":"<p>Polityka prywatno\u015bci Szanuj\u0105c prawo do prywatno\u015bci os\u00f3b, deklarujemy, \u017ce pozyskane dane przetwarzamy zgodnie z krajowymi i europejskimi przepisami prawa oraz w warunkach gwarantuj\u0105cych ich bezpiecze\u0144stwo. Informacje wst\u0119pne Szanuj\u0105c prawo do prywatno\u015bci os\u00f3b, pragniemy zadeklarowa\u0107, \u017ce pozyskane dane przetwarzamy zgodnie z krajowymi i europejskimi przepisami prawa oraz w warunkach gwarantuj\u0105cych ich bezpiecze\u0144stwo. Administrator danych Administratorem Pa\u0144stwa [&hellip;]<\/p>\n","protected":false},"author":1,"featured_media":0,"parent":0,"menu_order":0,"comment_status":"closed","ping_status":"closed","template":"","meta":{"footnotes":""},"class_list":["post-350","page","type-page","status-publish","hentry"],"_links":{"self":[{"href":"https:\/\/l-e-w.pl\/en\/wp-json\/wp\/v2\/pages\/350","targetHints":{"allow":["GET"]}}],"collection":[{"href":"https:\/\/l-e-w.pl\/en\/wp-json\/wp\/v2\/pages"}],"about":[{"href":"https:\/\/l-e-w.pl\/en\/wp-json\/wp\/v2\/types\/page"}],"author":[{"embeddable":true,"href":"https:\/\/l-e-w.pl\/en\/wp-json\/wp\/v2\/users\/1"}],"replies":[{"embeddable":true,"href":"https:\/\/l-e-w.pl\/en\/wp-json\/wp\/v2\/comments?post=350"}],"version-history":[{"count":1,"href":"https:\/\/l-e-w.pl\/en\/wp-json\/wp\/v2\/pages\/350\/revisions"}],"predecessor-version":[{"id":351,"href":"https:\/\/l-e-w.pl\/en\/wp-json\/wp\/v2\/pages\/350\/revisions\/351"}],"wp:attachment":[{"href":"https:\/\/l-e-w.pl\/en\/wp-json\/wp\/v2\/media?parent=350"}],"curies":[{"name":"wp","href":"https:\/\/api.w.org\/{rel}","templated":true}]}}