{"id":352,"date":"2026-03-25T01:47:28","date_gmt":"2026-03-25T00:47:28","guid":{"rendered":"https:\/\/l-e-w.pl\/contact\/"},"modified":"2026-04-09T16:12:13","modified_gmt":"2026-04-09T14:12:13","slug":"contact","status":"publish","type":"page","link":"https:\/\/l-e-w.pl\/en\/contact\/","title":{"rendered":"Contact"},"content":{"rendered":"\t\t<div data-elementor-type=\"wp-page\" data-elementor-id=\"352\" class=\"elementor elementor-352 elementor-75\" data-elementor-post-type=\"page\">\n\t\t\t\t<div class=\"elementor-element elementor-element-f0250b2 e-con-full e-flex e-con e-parent\" data-id=\"f0250b2\" data-element_type=\"container\" data-e-type=\"container\">\n\t\t\t\t<div class=\"elementor-element elementor-element-9dbee0c elementor-widget elementor-widget-html\" data-id=\"9dbee0c\" data-element_type=\"widget\" data-e-type=\"widget\" data-widget_type=\"html.default\">\n\t\t\t\t\t<section class=\"lew-impact-hero\">\n  <div class=\"lew-impact-hero__overlay\"><\/div>\n\n  <div class=\"lew-impact-hero__inner\">\n    <div class=\"lew-impact-hero__content\">\n      <h2 class=\"lew-impact-hero__title\">\n Contact Us\n      <\/h2>\n\n      <p class=\"lew-impact-hero__text\">\n We will gladly answer your questions, tell you more about the LEW Multilingual High School, and help you through the admission process. If you wish to learn more about our school, please feel free to contact us.\n      <\/p>\n    <\/div>\n  <\/div>\n\n  <div class=\"lew-impact-hero__bottom-bar\"><\/div>\n<\/section>\t\t\t\t<\/div>\n\t\t\t\t<\/div>\n\t\t<div class=\"elementor-element elementor-element-0d3f369 e-con-full e-flex e-con e-parent\" data-id=\"0d3f369\" data-element_type=\"container\" data-e-type=\"container\">\n\t\t\t\t<div class=\"elementor-element elementor-element-cc30307 elementor-widget elementor-widget-html\" data-id=\"cc30307\" data-element_type=\"widget\" data-e-type=\"widget\" data-widget_type=\"html.default\">\n\t\t\t\t\t<section class=\"contact-section\">\n  <div class=\"contact-section__wrap\">\n    <div class=\"contact-grid\">\n\n      <!-- LEWA KOLUMNA -->\n      <div class=\"contact-form-card\">\n        <h2 class=\"contact-form-card__title\">Send Message<\/h2>\n        <div class=\"formularze-wrapper\">\n\t\n\t<form method=\"post\" action=\"https:\/\/l-e-w.pl\/wp-admin\/admin-post.php\" class=\"formularze-form formularze-contact\">\n\t\t<input type=\"hidden\" name=\"action\" value=\"submit_contact_form\">\n\t\t<input type=\"hidden\" id=\"formularze_nonce\" name=\"formularze_nonce\" value=\"fd457d5df2\" \/><input type=\"hidden\" name=\"_wp_http_referer\" value=\"\/en\/wp-json\/wp\/v2\/pages\/352\" \/>\t\t\n\t\t<!-- Honeypot -->\n\t\t<div style=\"display:none;\">\n\t\t\t<input type=\"text\" name=\"website_url\" value=\"\">\n\t\t<\/div>\n\n\t\t<div class=\"formularze-row\">\n\t\t\t<div class=\"formularze-col\">\n\t\t\t\t<label for=\"first_name\">Imi\u0119 *<\/label>\n\t\t\t\t<input type=\"text\" id=\"first_name\" name=\"first_name\" required>\n\t\t\t<\/div>\n\t\t\t<div class=\"formularze-col\">\n\t\t\t\t<label for=\"last_name\">Nazwisko *<\/label>\n\t\t\t\t<input type=\"text\" id=\"last_name\" name=\"last_name\" required>\n\t\t\t<\/div>\n\t\t<\/div>\n\n\t\t<div class=\"formularze-row\">\n\t\t\t<div class=\"formularze-col\">\n\t\t\t\t<label for=\"email\">E-mail *<\/label>\n\t\t\t\t<input type=\"email\" id=\"email\" name=\"email\" required>\n\t\t\t<\/div>\n\t\t\t<div class=\"formularze-col\">\n\t\t\t\t<label for=\"phone\">Numer telefonu<\/label>\n\t\t\t\t<input type=\"tel\" id=\"phone\" name=\"phone\">\n\t\t\t<\/div>\n\t\t<\/div>\n\n\t\t<div class=\"formularze-row\">\n\t\t\t<div class=\"formularze-col\">\n\t\t\t\t<label for=\"message\">Wiadomo\u015b\u0107 *<\/label>\n\t\t\t\t<textarea id=\"message\" name=\"message\" rows=\"5\" required><\/textarea>\n\t\t\t<\/div>\n\t\t<\/div>\n\n\t\t<div class=\"formularze-row formularze-consent-row\">\n\t\t\t<label class=\"formularze-contact-consent-label\">\n\t\t\t\t<input type=\"checkbox\" name=\"consent\" required>\n\t\t\t\tZosta\u0142em poinformowany, \u017ce administratorem danych osobowych jest Edukacja sp. z o.o. z siedzib\u0105 w Warszawie przy Al. Niepodleg\u0142o\u015bci 69, prowadz\u0105ca Liceum Edukacji Wieloj\u0119zycznej LEW. Mam prawo wgl\u0105du, poprawiania oraz \u017c\u0105dania usuni\u0119cia moich danych osobowych w dowolnej chwili. Wyra\u017cam zgod\u0119 na przetwarzanie danych osobowych podanych w formularzu, zgodnie z Polityk\u0105 prywatno\u015bci https:\/\/l-e-w.pl\/polityka-prywatnosci\/ *\n\t\t\t<\/label>\n\t\t<\/div>\n\n\t\t<div class=\"formularze-row formularze-submit-row\">\n\t\t\t<button type=\"submit\" class=\"formularze-btn\">Wy\u015blij wiadomo\u015b\u0107<\/button>\n\t\t<\/div>\n\t<\/form>\n<\/div>\n\n      <\/div>\n\n      <!-- PRAWA KOLUMNA -->\n      <div class=\"contact-sidebar\">\n\n        <div class=\"contact-info-card\">\n          <h3 class=\"contact-info-card__title\">Contact Details<\/h3>\n\n          <div class=\"contact-info-list\">\n            <div class=\"contact-info-item\">\n              <div class=\"contact-info-item__icon\">\n                <svg viewbox=\"0 0 24 24\" fill=\"none\" stroke=\"currentColor\" stroke-width=\"1.9\" stroke-linecap=\"round\" stroke-linejoin=\"round\">\n                  <path d=\"M21 10c0 7-9 13-9 13S3 17 3 10a9 9 0 1 1 18 0z\"><\/path>\n                  <circle cx=\"12\" cy=\"10\" r=\"3\"\/>\n                <\/svg>\n              <\/div>\n              <div class=\"contact-info-item__content\">\n                <div class=\"contact-info-item__label\">Address<\/div>\n                <div class=\"contact-info-item__value\">\n Aleja Niepodleg\u0142o\u015bci 69, 02-626 Warsaw\n                <\/div>\n              <\/div>\n            <\/div>\n\n            <div class=\"contact-info-item\">\n              <div class=\"contact-info-item__icon\">\n                <svg viewbox=\"0 0 24 24\" fill=\"none\" stroke=\"currentColor\" stroke-width=\"1.9\" stroke-linecap=\"round\" stroke-linejoin=\"round\">\n                  <path d=\"M22 16.92v3a2 2 0 0 1-2.18 2 19.79 19.79 0 0 1-8.63-3.07 19.5 19.5 0 0 1-6-6A19.79 19.79 0 0 1 2.12 4.18 2 2 0 0 1 4.11 2h3a2 2 0 0 1 2 1.72c.12.91.33 1.8.63 2.65a2 2 0 0 1-.45 2.11L8.09 9.91a16 16 0 0 0 6 6l1.43-1.2a2 2 0 0 1 2.11-.45c.85.3 1.74.51 2.65.63A2 2 0 0 1 22 16.92z\"><\/path>\n                <\/svg>\n              <\/div>\n              <div class=\"contact-info-item__content\">\n  <div class=\"contact-info-item__label\">Phone<\/div>\n  <div class=\"contact-info-item__value\">\n    <a href=\"tel:+482239552092\">+48 22 395 52 092<\/a><br>    <a href=\"tel:+48784490133\">+48 784 490 133<\/a><br>    <a href=\"tel:+48736672407\">+48 736 672 407<\/a>\n  <\/div>\n<\/div>\n            <\/div>\n\n            <div class=\"contact-info-item\">\n              <div class=\"contact-info-item__icon\">\n                <svg viewbox=\"0 0 24 24\" fill=\"none\" stroke=\"currentColor\" stroke-width=\"1.9\" stroke-linecap=\"round\" stroke-linejoin=\"round\">\n                  <path d=\"M4 4h16a2 2 0 0 1 2 2v12a2 2 0 0 1-2 2H4a2 2 0 0 1-2-2V6a2 2 0 0 1 2-2z\"><\/path>\n                  <path d=\"M22 6l-10 7L2 6\"><\/path>\n                <\/svg>\n              <\/div>\n              <div class=\"contact-info-item__content\">\n                <div class=\"contact-info-item__label\">Email<\/div>\n                <div class=\"contact-info-item__value\">\n                  <a href=\"mailto:kontakt@l-e-w.pl\">kontakt@l-e-w.pl<\/a>\n                <\/div>\n              <\/div>\n            <\/div>\n          <\/div>\n        <\/div>\n\n        <div class=\"contact-hours-card\">\n          <h3 class=\"contact-hours-card__title\">Opening Hours<\/h3>\n\n          <div class=\"contact-hours-list\">\n            <div class=\"contact-hours-row\">\n              <span>Monday\u2013Friday<\/span>\n              <strong>8:30 AM - 6:00 PM<\/strong>\n            <\/div>\n            <div class=\"contact-hours-row\">\n              <span>Saturday\u2013Sunday<\/span>\n              <strong>Closed<\/strong>\n            <\/div>\n          <\/div>\n        <\/div>\n\n        <div class=\"contact-social-card\">\n          <h3 class=\"contact-social-card__title\">Social Media<\/h3>\n\n          <div class=\"contact-socials\">\n            <a href=\"https:\/\/www.facebook.com\/liceumLEW\" target=\"_blank\" rel=\"noopener noreferrer\" aria-label=\"Facebook\">\n              <svg viewbox=\"0 0 24 24\" fill=\"currentColor\">\n                <path d=\"M22 12a10 10 0 1 0-11.56 9.88v-6.99H7.9V12h2.54V9.8c0-2.5 1.49-3.89 3.77-3.89 1.09 0 2.23.19 2.23.19v2.46h-1.26c-1.24 0-1.63.77-1.63 1.56V12h2.77l-.44 2.89h-2.33v6.99A10 10 0 0 0 22 12z\"\/>\n              <\/svg>\n            <\/a>\n\n            <a href=\"https:\/\/www.instagram.com\/liceum_lew\/\" target=\"_blank\" rel=\"noopener noreferrer\" aria-label=\"Instagram\">\n              <svg viewbox=\"0 0 24 24\" fill=\"currentColor\">\n                <path d=\"M7 2C4.24 2 2 4.24 2 7v10c0 2.76 2.24 5 5 5h10c2.76 0 5-2.24 5-5V7c0-2.76-2.24-5-5-5H7zm0 2h10c1.65 0 3 1.35 3 3v10c0 1.65-1.35 3-3 3H7c-1.65 0-3-1.35-3-3V7c0-1.65 1.35-3 3-3zm10.5 1.5a1 1 0 1 0 .001 2.001A1 1 0 0 0 17.5 5.5zM12 7a5 5 0 1 0 0 10 5 5 0 0 0 0-10zm0 2a3 3 0 1 1 0 6 3 3 0 0 1 0-6z\"\/>\n              <\/svg>\n            <\/a>\n\n            <a href=\"https:\/\/www.linkedin.com\/company\/zesp%C3%B3%C5%82-edukacji-wieloj%C4%99zycznej\/\" target=\"_blank\" rel=\"noopener noreferrer\" aria-label=\"LinkedIn\">\n              <svg viewbox=\"0 0 24 24\" fill=\"currentColor\">\n                <path d=\"M20.45 20.45h-3.55v-5.57c0-1.33-.03-3.05-1.86-3.05-1.86 0-2.14 1.45-2.14 2.95v5.67H9.35V9h3.41v1.56h.05c.48-.9 1.65-1.86 3.4-1.86 3.64 0 4.31 2.4 4.31 5.52v6.23zM5.34 7.43a2.06 2.06 0 1 1 0-4.12 2.06 2.06 0 0 1 0 4.12zM7.11 20.45H3.57V9h3.54v11.45z\"\/>\n              <\/svg>\n            <\/a>\n\n            <a href=\"https:\/\/www.tiktok.com\/@liceum_lew\" target=\"_blank\" rel=\"noopener noreferrer\" aria-label=\"TikTok\">\n              <svg viewbox=\"0 0 24 24\" fill=\"currentColor\">\n                <path d=\"M16.5 3c.4 2.1 2 3.7 4.1 4.1v3.1c-1.5 0-2.9-.5-4.1-1.3v6.3c0 3.4-2.8 6.2-6.2 6.2S4.1 18.6 4.1 15.2 6.9 9 10.3 9c.3 0 .7 0 1 .1v3.2c-.3-.1-.6-.2-1-.2-1.8 0-3.2 1.5-3.2 3.2s1.5 3.2 3.2 3.2 3.2-1.5 3.2-3.2V3h3z\"\/>\n              <\/svg>\n            <\/a>\n          <\/div>\n        <\/div>\n\n      <\/div>\n    <\/div>\n  <\/div>\n<\/section>\t\t\t\t<\/div>\n\t\t\t\t<\/div>\n\t\t<div class=\"elementor-element elementor-element-b60a3c2 e-flex e-con-boxed e-con e-parent\" data-id=\"b60a3c2\" data-element_type=\"container\" data-e-type=\"container\">\n\t\t\t\t\t<div class=\"e-con-inner\">\n\t\t\t\t<div class=\"elementor-element elementor-element-b52f0aa elementor-widget elementor-widget-google_maps\" data-id=\"b52f0aa\" data-element_type=\"widget\" data-e-type=\"widget\" data-widget_type=\"google_maps.default\">\n\t\t\t\t\t\t\t<div class=\"elementor-custom-embed\">\n\t\t\t<iframe loading=\"lazy\"\n\t\t\t\t\tsrc=\"https:\/\/maps.google.com\/maps?q=Warszawa%2C%20ul.%20Radarowa%206&#038;t=m&#038;z=10&#038;output=embed&#038;iwloc=near\"\n\t\t\t\t\ttitle=\"Warszawa, ul. Radarowa 6\"\n\t\t\t\t\taria-label=\"Warszawa, ul. Radarowa 6\"\n\t\t\t><\/iframe>\n\t\t<\/div>\n\t\t\t\t\t\t<\/div>\n\t\t\t\t\t<\/div>\n\t\t\t\t<\/div>\n\t\t\t\t<\/div>\n\t\t","protected":false},"excerpt":{"rendered":"<p>Contact Us We will gladly answer your questions, tell you more about the LEW Multilingual High School, and help you through the admission process. If you wish to learn more about our school, please feel free to contact us. Send Message Contact Details Address Aleja Niepodleg\u0142o\u015bci 69, 02-626 Warsaw Phone +48 22 395 52 092 [&hellip;]<\/p>\n","protected":false},"author":1,"featured_media":0,"parent":0,"menu_order":0,"comment_status":"closed","ping_status":"closed","template":"","meta":{"footnotes":""},"class_list":["post-352","page","type-page","status-publish","hentry"],"_links":{"self":[{"href":"https:\/\/l-e-w.pl\/en\/wp-json\/wp\/v2\/pages\/352","targetHints":{"allow":["GET"]}}],"collection":[{"href":"https:\/\/l-e-w.pl\/en\/wp-json\/wp\/v2\/pages"}],"about":[{"href":"https:\/\/l-e-w.pl\/en\/wp-json\/wp\/v2\/types\/page"}],"author":[{"embeddable":true,"href":"https:\/\/l-e-w.pl\/en\/wp-json\/wp\/v2\/users\/1"}],"replies":[{"embeddable":true,"href":"https:\/\/l-e-w.pl\/en\/wp-json\/wp\/v2\/comments?post=352"}],"version-history":[{"count":1,"href":"https:\/\/l-e-w.pl\/en\/wp-json\/wp\/v2\/pages\/352\/revisions"}],"predecessor-version":[{"id":353,"href":"https:\/\/l-e-w.pl\/en\/wp-json\/wp\/v2\/pages\/352\/revisions\/353"}],"wp:attachment":[{"href":"https:\/\/l-e-w.pl\/en\/wp-json\/wp\/v2\/media?parent=352"}],"curies":[{"name":"wp","href":"https:\/\/api.w.org\/{rel}","templated":true}]}}